{"id":3,"date":"2025-01-10T17:26:36","date_gmt":"2025-01-10T16:26:36","guid":{"rendered":"http:\/\/rjyrkez.cluster023.hosting.ovh.net\/?page_id=3"},"modified":"2026-04-18T20:52:33","modified_gmt":"2026-04-18T18:52:33","slug":"politique-de-confidentialite","status":"publish","type":"page","link":"http:\/\/tichatomitan.fr\/index.php\/politique-de-confidentialite\/","title":{"rendered":"Mentions l\u00e9gales et Politique de confidentialit\u00e9"},"content":{"rendered":"\t\t<div data-elementor-type=\"wp-page\" data-elementor-id=\"3\" class=\"elementor elementor-3\">\n\t\t\t\t<div class=\"elementor-element elementor-element-2c205763 e-flex e-con-boxed e-con e-parent\" data-id=\"2c205763\" data-element_type=\"container\">\n\t\t\t\t\t<div class=\"e-con-inner\">\n\t\t\t\t<div class=\"elementor-element elementor-element-69aeb3d8 elementor-widget elementor-widget-text-editor\" data-id=\"69aeb3d8\" data-element_type=\"widget\" data-widget_type=\"text-editor.default\">\n\t\t\t\t<div class=\"elementor-widget-container\">\n\t\t\t\t\t\t\t\t\t<h2>MENTIONS LEGALES<\/h2>\n<h2>1. Editeur du site<\/h2>\n<p><!-- \/wp:heading --><!-- wp:paragraph --><\/p>\n<p>Le pr\u00e9sent site est \u00e9dit\u00e9 par la soci\u00e9t\u00e9 ACDE SCI<br \/>4 rue du Balisier, Anse Mitan<br \/>97229 Les Trois-Ilets, Martinique<br \/>contact@tichatomitan.fr<br \/>+33 6 95 52 36 70<\/p>\n<h2>2. Responsable de la publication<\/h2>\n<p><!-- \/wp:heading --><!-- wp:paragraph --><\/p>\n<p>ACDE SCI<br \/>contact@tichatomitan.fr<\/p>\n<h2>3. H\u00e9bergement<\/h2>\n<p><!-- \/wp:heading --><!-- wp:paragraph --><\/p>\n<p>Le site est h\u00e9berg\u00e9 par :<br \/>OVH<br \/><!--StartFragment--><span data-olk-copy-source=\"MessageBody\">2, rue Kellermann<br \/>59100 Roubaix<br \/><\/span><!--EndFragment-->https:\/\/www.ovhcloud.com\/fr\/<br \/><br \/><\/p>\n<h2>4. Propri\u00e9t\u00e9 intellectuelle<\/h2>\n<p>L\u2019ensemble du contenu du site (textes, images, logos, etc.) est la propri\u00e9t\u00e9 exclusive de ACDE SCI, sauf mention contraire.<br \/>Toute reproduction, distribution ou utilisation sans autorisation est interdite.<\/p>\n<p>\u00a0<\/p>\n<h2>POLITIQUE DE CONFIDENTIALITE<\/h2>\n<h2>1. Responsable du traitement<\/h2>\n<p><!-- \/wp:heading --><!-- wp:paragraph --><\/p>\n<p>Le responsable du traitement des donn\u00e9es collect\u00e9es sur ce site est :<br \/>ACDE SCI<br \/>4 rue du Balisier, Anse Mitan<br \/>97229 Les Trois-Ilets, Martinique<br \/>contact@tichatomitan.fr<\/p>\n<p>\u00a0<\/p>\n<p><!-- \/wp:paragraph --><!-- wp:heading --><\/p>\n<h2>2. Donn\u00e9es collect\u00e9es<\/h2>\n<p><!-- \/wp:heading --><!-- wp:paragraph --><\/p>\n<p>Nous collectons uniquement les donn\u00e9es strictement n\u00e9cessaires dans les cas suivants :<\/p>\n<p><img decoding=\"async\" class=\"emoji\" role=\"img\" draggable=\"false\" src=\"https:\/\/s.w.org\/images\/core\/emoji\/17.0.2\/svg\/1f4e7.svg\" alt=\"\ud83d\udce7\" \/> Newsletter<br \/>Votre adresse email, lors de votre inscription \u00e0 notre newsletter :<\/p>\n<p><img decoding=\"async\" class=\"emoji\" role=\"img\" draggable=\"false\" src=\"https:\/\/s.w.org\/images\/core\/emoji\/17.0.2\/svg\/1f4e9.svg\" alt=\"\ud83d\udce9\" \/> Formulaire de contact<br \/>Pr\u00e9nom, Nom, Adresse email et Num\u00e9ro de t\u00e9l\u00e9phone, lors de l\u2019envoi d\u2019un message via notre formulaire de contact.<\/p>\n<p><!-- \/wp:paragraph --><!-- wp:heading --><\/p>\n<h2>3. Finalit\u00e9s de traitement<\/h2>\n<p><!-- \/wp:heading --><!-- wp:paragraph --><\/p>\n<p>Les donn\u00e9es collect\u00e9es sont utilis\u00e9es pour :<br \/>&#8211; R\u00e9pondre \u00e0 vos demandes via le formulaire de contact ;<br \/>&#8211; Vous envoyer des informations et actualit\u00e9s si vous \u00eates inscrit \u00e0 la newsletter.<\/p>\n<p><!-- \/wp:paragraph --><!-- wp:heading --><\/p>\n<h2>4. Base l\u00e9agle<\/h2>\n<p><!-- \/wp:heading --><!-- wp:paragraph --><\/p>\n<p>Les traitements reposent sur: <br \/>&#8211; Votre consentement (inscription \u00e0 la newsletter, envoi volontaire d\u2019un message) ; <br \/>&#8211; L\u2019int\u00e9r\u00eat l\u00e9gitime pour r\u00e9pondre \u00e0 vos demandes.<\/p>\n<p><!-- \/wp:paragraph --><!-- wp:heading --><\/p>\n<h2>5. Destinataires des donn\u00e9es<\/h2>\n<p><!-- \/wp:heading --><!-- wp:paragraph --><\/p>\n<p>Les donn\u00e9es sont destin\u00e9es uniquement :<br \/>&#8211; \u00c0 l\u2019\u00e9diteur du site ;<br \/>&#8211; \u00c0 ses \u00e9ventuels prestataires techniques (h\u00e9bergement, envoi d\u2019emails).<\/p>\n<p>Elles ne sont ni vendues ni c\u00e9d\u00e9es \u00e0 des tiers.<\/p>\n<p><!-- \/wp:paragraph --><!-- wp:heading --><\/p>\n<h2>6. Dur\u00e9e de conservation<\/h2>\n<p><!-- \/wp:heading --><!-- wp:paragraph --><\/p>\n<p>&#8211; Donn\u00e9es de contact : vos donn\u00e9es sont conserv\u00e9es le temps n\u00e9cessaire au traitement de votre demande.<br \/>&#8211; Newsletter : vos donn\u00e9es sont conserv\u00e9es jusqu\u2019\u00e0 votre d\u00e9sinscription. Celle-ci peut \u00eatre effectu\u00e9e \u00e0 tout moment en nous contactant par email \u00e0 l\u2019adresse : contact@tichatomitan.fr<\/p>\n<p><!-- \/wp:paragraph --><!-- wp:heading --><\/p>\n<h2>7. Vos droits<\/h2>\n<p><!-- \/wp:heading --><!-- wp:paragraph --><\/p>\n<p>Conform\u00e9ment au RGPD, vous disposez des droits suivants:<br \/>&#8211; Acc\u00e8s \u00e0 vos donn\u00e9es ;<br \/>&#8211; Rectification ;<br \/>&#8211; Suppression ;<br \/>&#8211; Limitation du traitement ;<br \/>&#8211; Opposition.<\/p>\n<p>Pour exercer vos droits, vous pouvez nous contacter \u00e0 :<br \/>contact@tichatomitan.fr<\/p>\n<p><!-- \/wp:paragraph --><!-- wp:heading --><\/p>\n<h2>8. S\u00e9curit\u00e9<\/h2>\n<p><!-- \/wp:heading --><!-- wp:paragraph --><\/p>\n<p>Nous mettons en \u0153uvre des mesures techniques et organisationnelles appropri\u00e9es pour prot\u00e9ger vos donn\u00e9es.<\/p>\n<p><!-- \/wp:paragraph --><!-- wp:heading --><\/p>\n<h2>9. Cookies<\/h2>\n<p><!-- \/wp:heading --><!-- wp:paragraph --><\/p>\n<p>Ce site n\u2019utilise pas de cookies \u00e0 des fins de suivi ou de mesure d\u2019audience.<\/p>\n<h2>10. Modification de la politique<\/h2>\n<p><!-- \/wp:heading --><!-- wp:paragraph --><\/p>\n<p>Cette politique peut \u00eatre mise \u00e0 jour \u00e0 tout moment afin de refl\u00e9ter les \u00e9volutions l\u00e9gales ou techniques.<\/p>\n<p><!-- \/wp:paragraph --><\/p>\t\t\t\t\t\t\t\t<\/div>\n\t\t\t\t<\/div>\n\t\t\t\t\t<\/div>\n\t\t\t\t<\/div>\t\t<\/div>\n\t\t","protected":false},"excerpt":{"rendered":"<p>MENTIONS LEGALES 1. Editeur du site Le pr\u00e9sent site est \u00e9dit\u00e9 par la soci\u00e9t\u00e9 ACDE SCI4 rue du Balisier, Anse Mitan97229 Les Trois-Ilets, Martiniquecontact@tichatomitan.fr+33 6 95 52 36 70 2. Responsable de la publication ACDE SCIcontact@tichatomitan.fr 3. H\u00e9bergement Le site est h\u00e9berg\u00e9 par :OVH2, rue Kellermann59100 Roubaixhttps:\/\/www.ovhcloud.com\/fr\/ 4. Propri\u00e9t\u00e9 intellectuelle L\u2019ensemble du contenu du site &#8230;<\/p>\n","protected":false},"author":1,"featured_media":0,"parent":0,"menu_order":0,"comment_status":"closed","ping_status":"open","template":"template-fullwidth.php","meta":{"cozystay_single_page_hide_site_header":"","cozystay_single_page_site_header_source":"custom","cozystay_single_page_custom_site_header":"0","cozystay_single_page_custom_sticky_site_header":"0","cozystay_single_page_hide_page_title":"","cozystay_single_page_header_section_size":"","cozystay_single_page_header_background_color":"","cozystay_single_page_header_background_position_x":"center","cozystay_single_page_header_background_position_y":"center","cozystay_single_page_header_background_size":"cover","cozystay_single_page_header_background_repeat":"off","cozystay_single_page_header_background_scroll":"on","cozystay_single_page_header_text_color":"","cozystay_single_page_header_show_breadcrumb":"","cozystay_single_page_site_footer_hide_main":"","cozystay_single_custom_site_footer_main_source":"","cozystay_single_custom_site_footer_main":"0","cozystay_single_page_site_footer_hide_above":"","cozystay_single_custom_site_footer_above_source":"","cozystay_single_custom_site_footer_above":"0","cozystay_single_page_site_footer_hide_instagram":"","cozystay_single_page_site_footer_hide_bottom":"","cozystay_single_custom_mobile_menu_source":"custom","cozystay_single_custom_mobile_menu":"0","cozystay_single_custom_mobile_menu_animation":"","cozystay_single_custom_mobile_menu_width":"","cozystay_single_custom_mobile_menu_custom_width":375,"footnotes":""},"class_list":["post-3","page","type-page","status-publish","hentry"],"yoast_head":"<!-- This site is optimized with the Yoast SEO plugin v24.2 - https:\/\/yoast.com\/wordpress\/plugins\/seo\/ -->\n<title>Mentions l\u00e9gales et Politique de confidentialit\u00e9 - R\u00e9sidence Ti&#039;Chato R\u00e9sidence Ti Chato Martinique | Location villa et studios<\/title>\n<meta name=\"description\" content=\"La r\u00e9sidence Ti Chato en Martinique : 5 logements ind\u00e9pendants, \u00e0 louer ensemble ou s\u00e9par\u00e9ment, id\u00e9ale pour vos s\u00e9jours en groupe jusqu\u2019\u00e0 20 personnes\" \/>\n<meta name=\"robots\" content=\"index, follow, max-snippet:-1, max-image-preview:large, max-video-preview:-1\" \/>\n<link rel=\"canonical\" href=\"http:\/\/tichatomitan.fr\/index.php\/politique-de-confidentialite\/\" \/>\n<meta property=\"og:locale\" content=\"fr_FR\" \/>\n<meta property=\"og:type\" content=\"article\" \/>\n<meta property=\"og:title\" content=\"Mentions l\u00e9gales et Politique de confidentialit\u00e9 - R\u00e9sidence Ti&#039;Chato R\u00e9sidence Ti Chato Martinique | Location villa et studios\" \/>\n<meta property=\"og:description\" content=\"La r\u00e9sidence Ti Chato en Martinique : 5 logements ind\u00e9pendants, \u00e0 louer ensemble ou s\u00e9par\u00e9ment, id\u00e9ale pour vos s\u00e9jours en groupe jusqu\u2019\u00e0 20 personnes\" \/>\n<meta property=\"og:url\" content=\"http:\/\/tichatomitan.fr\/index.php\/politique-de-confidentialite\/\" \/>\n<meta property=\"og:site_name\" content=\"R\u00e9sidence Ti&#039;Chato\" \/>\n<meta property=\"article:modified_time\" content=\"2026-04-18T18:52:33+00:00\" \/>\n<meta property=\"og:image\" content=\"https:\/\/s.w.org\/images\/core\/emoji\/17.0.2\/svg\/1f4e7.svg\" \/>\n<meta name=\"twitter:card\" content=\"summary_large_image\" \/>\n<meta name=\"twitter:label1\" content=\"Dur\u00e9e de lecture estim\u00e9e\" \/>\n\t<meta name=\"twitter:data1\" content=\"3 minutes\" \/>\n<script type=\"application\/ld+json\" class=\"yoast-schema-graph\">{\"@context\":\"https:\/\/schema.org\",\"@graph\":[{\"@type\":\"WebPage\",\"@id\":\"http:\/\/tichatomitan.fr\/index.php\/politique-de-confidentialite\/\",\"url\":\"http:\/\/tichatomitan.fr\/index.php\/politique-de-confidentialite\/\",\"name\":\"Mentions l\u00e9gales et Politique de confidentialit\u00e9 - R\u00e9sidence Ti&#039;Chato R\u00e9sidence Ti Chato Martinique | Location villa et studios\",\"isPartOf\":{\"@id\":\"https:\/\/tichatomitan.fr\/#website\"},\"primaryImageOfPage\":{\"@id\":\"http:\/\/tichatomitan.fr\/index.php\/politique-de-confidentialite\/#primaryimage\"},\"image\":{\"@id\":\"http:\/\/tichatomitan.fr\/index.php\/politique-de-confidentialite\/#primaryimage\"},\"thumbnailUrl\":\"https:\/\/s.w.org\/images\/core\/emoji\/17.0.2\/svg\/1f4e7.svg\",\"datePublished\":\"2025-01-10T16:26:36+00:00\",\"dateModified\":\"2026-04-18T18:52:33+00:00\",\"description\":\"La r\u00e9sidence Ti Chato en Martinique : 5 logements ind\u00e9pendants, \u00e0 louer ensemble ou s\u00e9par\u00e9ment, id\u00e9ale pour vos s\u00e9jours en groupe jusqu\u2019\u00e0 20 personnes\",\"breadcrumb\":{\"@id\":\"http:\/\/tichatomitan.fr\/index.php\/politique-de-confidentialite\/#breadcrumb\"},\"inLanguage\":\"fr-FR\",\"potentialAction\":[{\"@type\":\"ReadAction\",\"target\":[\"http:\/\/tichatomitan.fr\/index.php\/politique-de-confidentialite\/\"]}]},{\"@type\":\"ImageObject\",\"inLanguage\":\"fr-FR\",\"@id\":\"http:\/\/tichatomitan.fr\/index.php\/politique-de-confidentialite\/#primaryimage\",\"url\":\"https:\/\/s.w.org\/images\/core\/emoji\/17.0.2\/svg\/1f4e7.svg\",\"contentUrl\":\"https:\/\/s.w.org\/images\/core\/emoji\/17.0.2\/svg\/1f4e7.svg\"},{\"@type\":\"BreadcrumbList\",\"@id\":\"http:\/\/tichatomitan.fr\/index.php\/politique-de-confidentialite\/#breadcrumb\",\"itemListElement\":[{\"@type\":\"ListItem\",\"position\":1,\"name\":\"Home\",\"item\":\"https:\/\/tichatomitan.fr\/\"},{\"@type\":\"ListItem\",\"position\":2,\"name\":\"Mentions l\u00e9gales et Politique de confidentialit\u00e9\"}]},{\"@type\":\"WebSite\",\"@id\":\"https:\/\/tichatomitan.fr\/#website\",\"url\":\"https:\/\/tichatomitan.fr\/\",\"name\":\"R\u00e9sidence Ti&#039;Chato\",\"description\":\"Ti&#039;Chato, Anse Mitan, Martinique - Une r\u00e9sidence prestige\",\"potentialAction\":[{\"@type\":\"SearchAction\",\"target\":{\"@type\":\"EntryPoint\",\"urlTemplate\":\"https:\/\/tichatomitan.fr\/?s={search_term_string}\"},\"query-input\":{\"@type\":\"PropertyValueSpecification\",\"valueRequired\":true,\"valueName\":\"search_term_string\"}}],\"inLanguage\":\"fr-FR\"}]}<\/script>\n<!-- \/ Yoast SEO plugin. -->","yoast_head_json":{"title":"Mentions l\u00e9gales et Politique de confidentialit\u00e9 - R\u00e9sidence Ti&#039;Chato R\u00e9sidence Ti Chato Martinique | Location villa et studios","description":"La r\u00e9sidence Ti Chato en Martinique : 5 logements ind\u00e9pendants, \u00e0 louer ensemble ou s\u00e9par\u00e9ment, id\u00e9ale pour vos s\u00e9jours en groupe jusqu\u2019\u00e0 20 personnes","robots":{"index":"index","follow":"follow","max-snippet":"max-snippet:-1","max-image-preview":"max-image-preview:large","max-video-preview":"max-video-preview:-1"},"canonical":"http:\/\/tichatomitan.fr\/index.php\/politique-de-confidentialite\/","og_locale":"fr_FR","og_type":"article","og_title":"Mentions l\u00e9gales et Politique de confidentialit\u00e9 - R\u00e9sidence Ti&#039;Chato R\u00e9sidence Ti Chato Martinique | Location villa et studios","og_description":"La r\u00e9sidence Ti Chato en Martinique : 5 logements ind\u00e9pendants, \u00e0 louer ensemble ou s\u00e9par\u00e9ment, id\u00e9ale pour vos s\u00e9jours en groupe jusqu\u2019\u00e0 20 personnes","og_url":"http:\/\/tichatomitan.fr\/index.php\/politique-de-confidentialite\/","og_site_name":"R\u00e9sidence Ti&#039;Chato","article_modified_time":"2026-04-18T18:52:33+00:00","og_image":[{"url":"https:\/\/s.w.org\/images\/core\/emoji\/17.0.2\/svg\/1f4e7.svg","type":"","width":"","height":""}],"twitter_card":"summary_large_image","twitter_misc":{"Dur\u00e9e de lecture estim\u00e9e":"3 minutes"},"schema":{"@context":"https:\/\/schema.org","@graph":[{"@type":"WebPage","@id":"http:\/\/tichatomitan.fr\/index.php\/politique-de-confidentialite\/","url":"http:\/\/tichatomitan.fr\/index.php\/politique-de-confidentialite\/","name":"Mentions l\u00e9gales et Politique de confidentialit\u00e9 - R\u00e9sidence Ti&#039;Chato R\u00e9sidence Ti Chato Martinique | Location villa et studios","isPartOf":{"@id":"https:\/\/tichatomitan.fr\/#website"},"primaryImageOfPage":{"@id":"http:\/\/tichatomitan.fr\/index.php\/politique-de-confidentialite\/#primaryimage"},"image":{"@id":"http:\/\/tichatomitan.fr\/index.php\/politique-de-confidentialite\/#primaryimage"},"thumbnailUrl":"https:\/\/s.w.org\/images\/core\/emoji\/17.0.2\/svg\/1f4e7.svg","datePublished":"2025-01-10T16:26:36+00:00","dateModified":"2026-04-18T18:52:33+00:00","description":"La r\u00e9sidence Ti Chato en Martinique : 5 logements ind\u00e9pendants, \u00e0 louer ensemble ou s\u00e9par\u00e9ment, id\u00e9ale pour vos s\u00e9jours en groupe jusqu\u2019\u00e0 20 personnes","breadcrumb":{"@id":"http:\/\/tichatomitan.fr\/index.php\/politique-de-confidentialite\/#breadcrumb"},"inLanguage":"fr-FR","potentialAction":[{"@type":"ReadAction","target":["http:\/\/tichatomitan.fr\/index.php\/politique-de-confidentialite\/"]}]},{"@type":"ImageObject","inLanguage":"fr-FR","@id":"http:\/\/tichatomitan.fr\/index.php\/politique-de-confidentialite\/#primaryimage","url":"https:\/\/s.w.org\/images\/core\/emoji\/17.0.2\/svg\/1f4e7.svg","contentUrl":"https:\/\/s.w.org\/images\/core\/emoji\/17.0.2\/svg\/1f4e7.svg"},{"@type":"BreadcrumbList","@id":"http:\/\/tichatomitan.fr\/index.php\/politique-de-confidentialite\/#breadcrumb","itemListElement":[{"@type":"ListItem","position":1,"name":"Home","item":"https:\/\/tichatomitan.fr\/"},{"@type":"ListItem","position":2,"name":"Mentions l\u00e9gales et Politique de confidentialit\u00e9"}]},{"@type":"WebSite","@id":"https:\/\/tichatomitan.fr\/#website","url":"https:\/\/tichatomitan.fr\/","name":"R\u00e9sidence Ti&#039;Chato","description":"Ti&#039;Chato, Anse Mitan, Martinique - Une r\u00e9sidence prestige","potentialAction":[{"@type":"SearchAction","target":{"@type":"EntryPoint","urlTemplate":"https:\/\/tichatomitan.fr\/?s={search_term_string}"},"query-input":{"@type":"PropertyValueSpecification","valueRequired":true,"valueName":"search_term_string"}}],"inLanguage":"fr-FR"}]}},"_links":{"self":[{"href":"http:\/\/tichatomitan.fr\/index.php\/wp-json\/wp\/v2\/pages\/3","targetHints":{"allow":["GET"]}}],"collection":[{"href":"http:\/\/tichatomitan.fr\/index.php\/wp-json\/wp\/v2\/pages"}],"about":[{"href":"http:\/\/tichatomitan.fr\/index.php\/wp-json\/wp\/v2\/types\/page"}],"author":[{"embeddable":true,"href":"http:\/\/tichatomitan.fr\/index.php\/wp-json\/wp\/v2\/users\/1"}],"replies":[{"embeddable":true,"href":"http:\/\/tichatomitan.fr\/index.php\/wp-json\/wp\/v2\/comments?post=3"}],"version-history":[{"count":11,"href":"http:\/\/tichatomitan.fr\/index.php\/wp-json\/wp\/v2\/pages\/3\/revisions"}],"predecessor-version":[{"id":3074,"href":"http:\/\/tichatomitan.fr\/index.php\/wp-json\/wp\/v2\/pages\/3\/revisions\/3074"}],"wp:attachment":[{"href":"http:\/\/tichatomitan.fr\/index.php\/wp-json\/wp\/v2\/media?parent=3"}],"curies":[{"name":"wp","href":"https:\/\/api.w.org\/{rel}","templated":true}]}}