{"id":697,"date":"2023-03-18T07:10:54","date_gmt":"2023-03-18T07:10:54","guid":{"rendered":"https:\/\/cozystay.loftocean.com\/island-resort\/?page_id=697"},"modified":"2026-04-18T20:36:41","modified_gmt":"2026-04-18T18:36:41","slug":"contact","status":"publish","type":"page","link":"https:\/\/tichatomitan.fr\/index.php\/contact\/","title":{"rendered":"Contact"},"content":{"rendered":"\t\t<div data-elementor-type=\"wp-page\" data-elementor-id=\"697\" class=\"elementor elementor-697\">\n\t\t\t\t\t\t<section class=\"elementor-section elementor-top-section elementor-element elementor-element-ca1656d elementor-section-height-min-height cs-section-content-fullwidth cs-parallax-on-scroll cs_scroll_y_100 elementor-section-boxed elementor-section-height-default elementor-section-items-middle\" data-id=\"ca1656d\" data-element_type=\"section\" data-settings=\"{&quot;background_background&quot;:&quot;classic&quot;}\" data-cs-parallax-y=\"100\" style=\"background-image: none;\" data-cs-background-image=\"http:\/\/rjyrkez.cluster023.hosting.ovh.net\/wp-content\/uploads\/2023\/05\/plage-Anse-Mitan.jpg\">\n\t\t\t\t\t\t\t<div class=\"elementor-background-overlay\"><\/div>\n\t\t\t\t\t\t\t<div class=\"elementor-container elementor-column-gap-no\">\n\t\t\t\t\t<div class=\"elementor-column elementor-col-100 elementor-top-column elementor-element elementor-element-6b2c1df dark-color\" data-id=\"6b2c1df\" data-element_type=\"column\">\n\t\t\t<div class=\"elementor-widget-wrap elementor-element-populated\">\n\t\t\t\t\t\t<div class=\"elementor-element elementor-element-ed3f97e elementor-widget elementor-widget-cs_title\" data-id=\"ed3f97e\" data-element_type=\"widget\" data-widget_type=\"cs_title.default\">\n\t\t\t\t<div class=\"elementor-widget-container\">\n\t\t\t\t\t\n        <div class=\"cs-title-wrap text-center\">\t            <div class=\"cs-subtitle-wrap\"><span class=\"cs-subtitle color-white\">Entrons en contact<\/span><\/div>\t            <h1 class=\"cs-title\">\n\t                Contactez-nous\t            <\/h1>\t            <div class=\"cs-title-text\">\n\t                <p data-pm-slice=\"1 1 []\">Pour toute r\u00e9servation ou demande d\u2019information, contactez-nous par t\u00e9l\u00e9phone ou par email.<\/p>\t            <\/div>        <\/div>\t\t\t\t<\/div>\n\t\t\t\t<\/div>\n\t\t\t\t\t<\/div>\n\t\t<\/div>\n\t\t\t\t\t<\/div>\n\t\t<\/section>\n\t\t\t\t<section class=\"elementor-section elementor-top-section elementor-element elementor-element-ac9ba41 elementor-section-full_width elementor-section-content-middle elementor-section-height-default elementor-section-height-default\" data-id=\"ac9ba41\" data-element_type=\"section\">\n\t\t\t\t\t\t<div class=\"elementor-container elementor-column-gap-no\">\n\t\t\t\t\t<div class=\"elementor-column elementor-col-33 elementor-top-column elementor-element elementor-element-a9f3bc2\" data-id=\"a9f3bc2\" data-element_type=\"column\">\n\t\t\t<div class=\"elementor-widget-wrap elementor-element-populated\">\n\t\t\t\t\t\t<div class=\"elementor-element elementor-element-d6a0979 elementor-widget elementor-widget-cs_title\" data-id=\"d6a0979\" data-element_type=\"widget\" data-widget_type=\"cs_title.default\">\n\t\t\t\t<div class=\"elementor-widget-container\">\n\t\t\t\t\t\n        <div class=\"cs-title-wrap\">\t            <div class=\"cs-subtitle-wrap\"><span class=\"cs-subtitle\">Information de contact<\/span><\/div>\t            <h5 class=\"cs-title\">\n\t                R\u00e9sidence Ti Chato\u2122\t            <\/h5>\t            <div class=\"cs-title-text\">\n\t                <p>4 rue du Balisier, Anse mitan,\u00a0<br \/>97229 Les Trois-Ilets, Martinique<\/p><p><strong>Phone Number:<\/strong> <a href=\"tel:+6793456788\">+33 6 95 52 36 70<\/a><br \/><strong>Email:<\/strong> <a href=\"contact@tichatomitan.fr\">contact@tichatomitan.fr<\/a><\/p>\t            <\/div>        <\/div>\t\t\t\t<\/div>\n\t\t\t\t<\/div>\n\t\t\t\t<div class=\"elementor-element elementor-element-27ae3a6 elementor-widget-divider--view-line elementor-widget elementor-widget-divider\" data-id=\"27ae3a6\" data-element_type=\"widget\" data-widget_type=\"divider.default\">\n\t\t\t\t<div class=\"elementor-widget-container\">\n\t\t\t\t\t\t\t<div class=\"elementor-divider\">\n\t\t\t<span class=\"elementor-divider-separator\">\n\t\t\t\t\t\t<\/span>\n\t\t<\/div>\n\t\t\t\t\t\t<\/div>\n\t\t\t\t<\/div>\n\t\t\t\t\t<\/div>\n\t\t<\/div>\n\t\t\t\t<div class=\"elementor-column elementor-col-66 elementor-top-column elementor-element elementor-element-a630739\" data-id=\"a630739\" data-element_type=\"column\" data-settings=\"{&quot;background_background&quot;:&quot;classic&quot;}\">\n\t\t\t<div class=\"elementor-widget-wrap elementor-element-populated\">\n\t\t\t\t\t\t<section class=\"elementor-section elementor-inner-section elementor-element elementor-element-1165b93 elementor-section-full_width elementor-section-height-default elementor-section-height-default\" data-id=\"1165b93\" data-element_type=\"section\" data-settings=\"{&quot;background_background&quot;:&quot;classic&quot;}\">\n\t\t\t\t\t\t<div class=\"elementor-container elementor-column-gap-no\">\n\t\t\t\t\t<div class=\"elementor-column elementor-col-100 elementor-inner-column elementor-element elementor-element-c8421f3\" data-id=\"c8421f3\" data-element_type=\"column\">\n\t\t\t<div class=\"elementor-widget-wrap elementor-element-populated\">\n\t\t\t\t\t\t<div class=\"elementor-element elementor-element-ee636a2 elementor-widget elementor-widget-cs_title\" data-id=\"ee636a2\" data-element_type=\"widget\" data-widget_type=\"cs_title.default\">\n\t\t\t\t<div class=\"elementor-widget-container\">\n\t\t\t\t\t\n        <div class=\"cs-title-wrap text-center\">\t            <div class=\"cs-subtitle-wrap\"><span class=\"cs-subtitle\">Formulaire de contact<\/span><\/div>\t            <h5 class=\"cs-title\">\n\t                Une question ? <br>Parlons de votre s\u00e9jour\t            <\/h5>        <\/div>\t\t\t\t<\/div>\n\t\t\t\t<\/div>\n\t\t\t\t<div class=\"elementor-element elementor-element-d1eca60 elementor-widget elementor-widget-cs_form_cf7\" data-id=\"d1eca60\" data-element_type=\"widget\" data-widget_type=\"cs_form_cf7.default\">\n\t\t\t\t<div class=\"elementor-widget-container\">\n\t\t\t\t\t            <div class=\"cs-form-cf7 placeholder-normal\">\n                <div class=\"cs-form-cf7-wrap\">\n<div class=\"wpcf7 no-js\" id=\"wpcf7-f2700-o1\" lang=\"fr-FR\" dir=\"ltr\" data-wpcf7-id=\"2700\">\n<div class=\"screen-reader-response\"><p role=\"status\" aria-live=\"polite\" aria-atomic=\"true\"><\/p> <ul><\/ul><\/div>\n<form action=\"\/index.php\/wp-json\/wp\/v2\/pages\/697#wpcf7-f2700-o1\" method=\"post\" class=\"wpcf7-form init\" aria-label=\"Formulaire de contact\" novalidate=\"novalidate\" data-status=\"init\">\n<div style=\"display: none;\">\n<input type=\"hidden\" name=\"_wpcf7\" value=\"2700\" \/>\n<input type=\"hidden\" name=\"_wpcf7_version\" value=\"6.0.2\" \/>\n<input type=\"hidden\" name=\"_wpcf7_locale\" value=\"fr_FR\" \/>\n<input type=\"hidden\" name=\"_wpcf7_unit_tag\" value=\"wpcf7-f2700-o1\" \/>\n<input type=\"hidden\" name=\"_wpcf7_container_post\" value=\"0\" \/>\n<input type=\"hidden\" name=\"_wpcf7_posted_data_hash\" value=\"\" \/>\n<\/div>\n<div class=\"reserve-form\">\n\t<h3>R\u00e9sidence Ti Chato\u2122\n\t<\/h3>\n\t<p>La r\u00e9sidence Ti Chato\u2122 vous propose 5 logements ind\u00e9pendants, \u00e0 louer ensemble ou s\u00e9par\u00e9ment. Pens\u00e9e pour accueillir jusqu'\u00e0 20 personnes, elle offre un cadre \u00e9l\u00e9gant, intime et chaleureux.\n\t<\/p>\n<hr style=\"border: none; margin: 20px 0;\" \/>\n\t<h3>Contactez-Nous\n\t<\/h3>\n\t<p><label>Votre pr\u00e9nom<br \/>\n<span class=\"wpcf7-form-control-wrap\" data-name=\"prenom\"><input size=\"40\" maxlength=\"400\" class=\"wpcf7-form-control wpcf7-text wpcf7-validates-as-required\" aria-required=\"true\" aria-invalid=\"false\" placeholder=\"Pr\u00e9nom\" value=\"\" type=\"text\" name=\"prenom\" \/><\/span> <\/label>\n\t<\/p>\n\t<p><label>Votre nom<br \/>\n<span class=\"wpcf7-form-control-wrap\" data-name=\"nom\"><input size=\"40\" maxlength=\"400\" class=\"wpcf7-form-control wpcf7-text wpcf7-validates-as-required\" aria-required=\"true\" aria-invalid=\"false\" placeholder=\"Nom\" value=\"\" type=\"text\" name=\"nom\" \/><\/span> <\/label>\n\t<\/p>\n\t<p><label>Votre adresse e-mail<br \/>\n<span class=\"wpcf7-form-control-wrap\" data-name=\"email\"><input size=\"40\" maxlength=\"400\" class=\"wpcf7-form-control wpcf7-email wpcf7-validates-as-required wpcf7-text wpcf7-validates-as-email\" aria-required=\"true\" aria-invalid=\"false\" placeholder=\"E-mail\" value=\"\" type=\"email\" name=\"email\" \/><\/span> <\/label>\n\t<\/p>\n\t<p><label>Votre num\u00e9ro de t\u00e9l\u00e9phone<br \/>\n<span class=\"wpcf7-form-control-wrap\" data-name=\"telephone\"><input size=\"40\" maxlength=\"400\" class=\"wpcf7-form-control wpcf7-tel wpcf7-validates-as-required wpcf7-text wpcf7-validates-as-tel\" aria-required=\"true\" aria-invalid=\"false\" placeholder=\"Num\u00e9ro de t\u00e9l\u00e9phone\" value=\"\" type=\"tel\" name=\"telephone\" \/><\/span><\/label>\n\t<\/p>\n\t<p><label> Check-In<br \/>\n<span class=\"wpcf7-form-control-wrap\" data-name=\"date-arrivee\"><input class=\"wpcf7-form-control wpcf7-date wpcf7-validates-as-required wpcf7-validates-as-date\" min=\"2026-04-21\" aria-required=\"true\" aria-invalid=\"false\" value=\"\" type=\"date\" name=\"date-arrivee\" \/><\/span> <\/label>\n\t<\/p>\n\t<p><label> Check-Out<br \/>\n<span class=\"wpcf7-form-control-wrap\" data-name=\"date-depart\"><input class=\"wpcf7-form-control wpcf7-date wpcf7-validates-as-required wpcf7-validates-as-date\" min=\"2026-04-21\" aria-required=\"true\" aria-invalid=\"false\" value=\"\" type=\"date\" name=\"date-depart\" \/><\/span> <\/label>\n\t<\/p>\n\t<p><label> Adultes<\/label><br \/>\n<span class=\"wpcf7-form-control-wrap\" data-name=\"adultes\"><select class=\"wpcf7-form-control wpcf7-select wpcf7-validates-as-required\" aria-required=\"true\" aria-invalid=\"false\" name=\"adultes\"><option value=\"1\">1<\/option><option value=\"2\">2<\/option><option value=\"3\">3<\/option><option value=\"4\">4<\/option><option value=\"5\">5<\/option><option value=\"6\">6<\/option><option value=\"7\">7<\/option><option value=\"8\">8<\/option><option value=\"9\">9<\/option><option value=\"10\">10<\/option><option value=\"11\">11<\/option><option value=\"12\">12<\/option><option value=\"13\">13<\/option><option value=\"14\">14<\/option><option value=\"15\">15<\/option><option value=\"16\">16<\/option><option value=\"17\">17<\/option><option value=\"18\">18<\/option><option value=\"19\">19<\/option><option value=\"20\">20<\/option><\/select><\/span>\n\t<\/p>\n\t<p><label> Enfants<br \/>\n<span class=\"wpcf7-form-control-wrap\" data-name=\"enfants\"><select class=\"wpcf7-form-control wpcf7-select wpcf7-validates-as-required\" aria-required=\"true\" aria-invalid=\"false\" name=\"enfants\"><option value=\"0\">0<\/option><option value=\"1\">1<\/option><option value=\"2\">2<\/option><option value=\"3\">3<\/option><option value=\"4\">4<\/option><option value=\"5\">5<\/option><option value=\"6\">6<\/option><option value=\"7\">7<\/option><option value=\"8\">8<\/option><option value=\"9\">9<\/option><option value=\"10+\">10+<\/option><\/select><\/span> <\/label>\n\t<\/p>\n\t<p><label> Nombre de chambres<br \/>\n<span class=\"wpcf7-form-control-wrap\" data-name=\"chambres\"><select class=\"wpcf7-form-control wpcf7-select wpcf7-validates-as-required\" aria-required=\"true\" aria-invalid=\"false\" name=\"chambres\"><option value=\"1\">1<\/option><option value=\"2\">2<\/option><option value=\"3\">3<\/option><option value=\"4\">4<\/option><option value=\"5\">5<\/option><option value=\"6\">6<\/option><option value=\"7\">7<\/option><option value=\"8\">8<\/option><option value=\"9\">9<\/option><option value=\"10\">10<\/option><\/select><\/span> <\/label>\n\t<\/p>\n\t<p><label>Votre message<br \/>\n<span class=\"wpcf7-form-control-wrap\" data-name=\"commentaire\"><textarea cols=\"40\" rows=\"10\" maxlength=\"2000\" class=\"wpcf7-form-control wpcf7-textarea\" aria-invalid=\"false\" placeholder=\"Pr\u00e9cisez vos besoins, questions ou demandes particuli\u00e8res\u2026\" name=\"commentaire\"><\/textarea><\/span> <\/label>\n\t<\/p>\n\t<p><input class=\"wpcf7-form-control wpcf7-submit has-spinner\" type=\"submit\" value=\"Envoyer votre demande\" \/>\n\t<\/p>\n<\/div><div class=\"wpcf7-response-output\" aria-hidden=\"true\"><\/div>\n<\/form>\n<\/div>\n<\/div>\n            <\/div>\t\t\t\t<\/div>\n\t\t\t\t<\/div>\n\t\t\t\t\t<\/div>\n\t\t<\/div>\n\t\t\t\t\t<\/div>\n\t\t<\/section>\n\t\t\t\t\t<\/div>\n\t\t<\/div>\n\t\t\t\t\t<\/div>\n\t\t<\/section>\n\t\t\t\t<\/div>\n\t\t","protected":false},"excerpt":{"rendered":"<p>Entrons en contact Contactez-nous Pour toute r\u00e9servation ou demande d\u2019information, contactez-nous par t\u00e9l\u00e9phone ou par email. Information de contact R\u00e9sidence Ti Chato\u2122 4 rue du Balisier, Anse mitan,\u00a097229 Les Trois-Ilets, Martinique Phone Number: +33 6 95 52 36 70Email: contact@tichatomitan.fr Formulaire de contact Une question ? Parlons de votre s\u00e9jour R\u00e9sidence Ti Chato\u2122 La r\u00e9sidence &#8230;<\/p>\n","protected":false},"author":1,"featured_media":0,"parent":0,"menu_order":0,"comment_status":"closed","ping_status":"closed","template":"template-wide-content.php","meta":{"cozystay_single_page_hide_site_header":"","cozystay_single_page_site_header_source":"","cozystay_single_page_custom_site_header":"0","cozystay_single_page_custom_sticky_site_header":"0","cozystay_single_page_hide_page_title":"on","cozystay_single_page_header_section_size":"","cozystay_single_page_header_background_color":"","cozystay_single_page_header_background_position_x":"center","cozystay_single_page_header_background_position_y":"center","cozystay_single_page_header_background_size":"cover","cozystay_single_page_header_background_repeat":"off","cozystay_single_page_header_background_scroll":"on","cozystay_single_page_header_text_color":"","cozystay_single_page_header_show_breadcrumb":"","cozystay_single_page_site_footer_hide_main":"","cozystay_single_custom_site_footer_main_source":"","cozystay_single_custom_site_footer_main":"0","cozystay_single_page_site_footer_hide_above":"","cozystay_single_custom_site_footer_above_source":"","cozystay_single_custom_site_footer_above":"0","cozystay_single_page_site_footer_hide_instagram":"","cozystay_single_page_site_footer_hide_bottom":"","cozystay_single_custom_mobile_menu_source":"","cozystay_single_custom_mobile_menu":"0","cozystay_single_custom_mobile_menu_animation":"","cozystay_single_custom_mobile_menu_width":"","cozystay_single_custom_mobile_menu_custom_width":375,"footnotes":""},"class_list":["post-697","page","type-page","status-publish","hentry"],"yoast_head":"<!-- This site is optimized with the Yoast SEO plugin v24.2 - https:\/\/yoast.com\/wordpress\/plugins\/seo\/ -->\n<title>Contact - R\u00e9sidence Ti&#039;Chato R\u00e9sidence Ti Chato Martinique | Location villa et studios<\/title>\n<meta name=\"description\" content=\"La r\u00e9sidence Ti Chato en Martinique : 5 logements ind\u00e9pendants, \u00e0 louer ensemble ou s\u00e9par\u00e9ment, id\u00e9ale pour vos s\u00e9jours en groupe jusqu\u2019\u00e0 20 personnes\" \/>\n<meta name=\"robots\" content=\"index, follow, max-snippet:-1, max-image-preview:large, max-video-preview:-1\" \/>\n<link rel=\"canonical\" href=\"http:\/\/tichatomitan.fr\/index.php\/contact\/\" \/>\n<meta property=\"og:locale\" content=\"fr_FR\" \/>\n<meta property=\"og:type\" content=\"article\" \/>\n<meta property=\"og:title\" content=\"Contact - R\u00e9sidence Ti&#039;Chato R\u00e9sidence Ti Chato Martinique | Location villa et studios\" \/>\n<meta property=\"og:description\" content=\"La r\u00e9sidence Ti Chato en Martinique : 5 logements ind\u00e9pendants, \u00e0 louer ensemble ou s\u00e9par\u00e9ment, id\u00e9ale pour vos s\u00e9jours en groupe jusqu\u2019\u00e0 20 personnes\" \/>\n<meta property=\"og:url\" content=\"http:\/\/tichatomitan.fr\/index.php\/contact\/\" \/>\n<meta property=\"og:site_name\" content=\"R\u00e9sidence Ti&#039;Chato\" \/>\n<meta property=\"article:modified_time\" content=\"2026-04-18T18:36:41+00:00\" \/>\n<meta name=\"twitter:card\" content=\"summary_large_image\" \/>\n<meta name=\"twitter:label1\" content=\"Dur\u00e9e de lecture estim\u00e9e\" \/>\n\t<meta name=\"twitter:data1\" content=\"1 minute\" \/>\n<script type=\"application\/ld+json\" class=\"yoast-schema-graph\">{\"@context\":\"https:\/\/schema.org\",\"@graph\":[{\"@type\":\"WebPage\",\"@id\":\"http:\/\/tichatomitan.fr\/index.php\/contact\/\",\"url\":\"http:\/\/tichatomitan.fr\/index.php\/contact\/\",\"name\":\"Contact - R\u00e9sidence Ti&#039;Chato R\u00e9sidence Ti Chato Martinique | Location villa et studios\",\"isPartOf\":{\"@id\":\"https:\/\/tichatomitan.fr\/#website\"},\"datePublished\":\"2023-03-18T07:10:54+00:00\",\"dateModified\":\"2026-04-18T18:36:41+00:00\",\"description\":\"La r\u00e9sidence Ti Chato en Martinique : 5 logements ind\u00e9pendants, \u00e0 louer ensemble ou s\u00e9par\u00e9ment, id\u00e9ale pour vos s\u00e9jours en groupe jusqu\u2019\u00e0 20 personnes\",\"breadcrumb\":{\"@id\":\"http:\/\/tichatomitan.fr\/index.php\/contact\/#breadcrumb\"},\"inLanguage\":\"fr-FR\",\"potentialAction\":[{\"@type\":\"ReadAction\",\"target\":[\"http:\/\/tichatomitan.fr\/index.php\/contact\/\"]}]},{\"@type\":\"BreadcrumbList\",\"@id\":\"http:\/\/tichatomitan.fr\/index.php\/contact\/#breadcrumb\",\"itemListElement\":[{\"@type\":\"ListItem\",\"position\":1,\"name\":\"Home\",\"item\":\"https:\/\/tichatomitan.fr\/\"},{\"@type\":\"ListItem\",\"position\":2,\"name\":\"Contact\"}]},{\"@type\":\"WebSite\",\"@id\":\"https:\/\/tichatomitan.fr\/#website\",\"url\":\"https:\/\/tichatomitan.fr\/\",\"name\":\"R\u00e9sidence Ti&#039;Chato\",\"description\":\"Ti&#039;Chato, Anse Mitan, Martinique - Une r\u00e9sidence prestige\",\"potentialAction\":[{\"@type\":\"SearchAction\",\"target\":{\"@type\":\"EntryPoint\",\"urlTemplate\":\"https:\/\/tichatomitan.fr\/?s={search_term_string}\"},\"query-input\":{\"@type\":\"PropertyValueSpecification\",\"valueRequired\":true,\"valueName\":\"search_term_string\"}}],\"inLanguage\":\"fr-FR\"}]}<\/script>\n<!-- \/ Yoast SEO plugin. -->","yoast_head_json":{"title":"Contact - R\u00e9sidence Ti&#039;Chato R\u00e9sidence Ti Chato Martinique | Location villa et studios","description":"La r\u00e9sidence Ti Chato en Martinique : 5 logements ind\u00e9pendants, \u00e0 louer ensemble ou s\u00e9par\u00e9ment, id\u00e9ale pour vos s\u00e9jours en groupe jusqu\u2019\u00e0 20 personnes","robots":{"index":"index","follow":"follow","max-snippet":"max-snippet:-1","max-image-preview":"max-image-preview:large","max-video-preview":"max-video-preview:-1"},"canonical":"http:\/\/tichatomitan.fr\/index.php\/contact\/","og_locale":"fr_FR","og_type":"article","og_title":"Contact - R\u00e9sidence Ti&#039;Chato R\u00e9sidence Ti Chato Martinique | Location villa et studios","og_description":"La r\u00e9sidence Ti Chato en Martinique : 5 logements ind\u00e9pendants, \u00e0 louer ensemble ou s\u00e9par\u00e9ment, id\u00e9ale pour vos s\u00e9jours en groupe jusqu\u2019\u00e0 20 personnes","og_url":"http:\/\/tichatomitan.fr\/index.php\/contact\/","og_site_name":"R\u00e9sidence Ti&#039;Chato","article_modified_time":"2026-04-18T18:36:41+00:00","twitter_card":"summary_large_image","twitter_misc":{"Dur\u00e9e de lecture estim\u00e9e":"1 minute"},"schema":{"@context":"https:\/\/schema.org","@graph":[{"@type":"WebPage","@id":"http:\/\/tichatomitan.fr\/index.php\/contact\/","url":"http:\/\/tichatomitan.fr\/index.php\/contact\/","name":"Contact - R\u00e9sidence Ti&#039;Chato R\u00e9sidence Ti Chato Martinique | Location villa et studios","isPartOf":{"@id":"https:\/\/tichatomitan.fr\/#website"},"datePublished":"2023-03-18T07:10:54+00:00","dateModified":"2026-04-18T18:36:41+00:00","description":"La r\u00e9sidence Ti Chato en Martinique : 5 logements ind\u00e9pendants, \u00e0 louer ensemble ou s\u00e9par\u00e9ment, id\u00e9ale pour vos s\u00e9jours en groupe jusqu\u2019\u00e0 20 personnes","breadcrumb":{"@id":"http:\/\/tichatomitan.fr\/index.php\/contact\/#breadcrumb"},"inLanguage":"fr-FR","potentialAction":[{"@type":"ReadAction","target":["http:\/\/tichatomitan.fr\/index.php\/contact\/"]}]},{"@type":"BreadcrumbList","@id":"http:\/\/tichatomitan.fr\/index.php\/contact\/#breadcrumb","itemListElement":[{"@type":"ListItem","position":1,"name":"Home","item":"https:\/\/tichatomitan.fr\/"},{"@type":"ListItem","position":2,"name":"Contact"}]},{"@type":"WebSite","@id":"https:\/\/tichatomitan.fr\/#website","url":"https:\/\/tichatomitan.fr\/","name":"R\u00e9sidence Ti&#039;Chato","description":"Ti&#039;Chato, Anse Mitan, Martinique - Une r\u00e9sidence prestige","potentialAction":[{"@type":"SearchAction","target":{"@type":"EntryPoint","urlTemplate":"https:\/\/tichatomitan.fr\/?s={search_term_string}"},"query-input":{"@type":"PropertyValueSpecification","valueRequired":true,"valueName":"search_term_string"}}],"inLanguage":"fr-FR"}]}},"_links":{"self":[{"href":"https:\/\/tichatomitan.fr\/index.php\/wp-json\/wp\/v2\/pages\/697","targetHints":{"allow":["GET"]}}],"collection":[{"href":"https:\/\/tichatomitan.fr\/index.php\/wp-json\/wp\/v2\/pages"}],"about":[{"href":"https:\/\/tichatomitan.fr\/index.php\/wp-json\/wp\/v2\/types\/page"}],"author":[{"embeddable":true,"href":"https:\/\/tichatomitan.fr\/index.php\/wp-json\/wp\/v2\/users\/1"}],"replies":[{"embeddable":true,"href":"https:\/\/tichatomitan.fr\/index.php\/wp-json\/wp\/v2\/comments?post=697"}],"version-history":[{"count":78,"href":"https:\/\/tichatomitan.fr\/index.php\/wp-json\/wp\/v2\/pages\/697\/revisions"}],"predecessor-version":[{"id":3041,"href":"https:\/\/tichatomitan.fr\/index.php\/wp-json\/wp\/v2\/pages\/697\/revisions\/3041"}],"wp:attachment":[{"href":"https:\/\/tichatomitan.fr\/index.php\/wp-json\/wp\/v2\/media?parent=697"}],"curies":[{"name":"wp","href":"https:\/\/api.w.org\/{rel}","templated":true}]}}